{"id":31,"date":"2017-12-15T16:01:48","date_gmt":"2017-12-15T16:01:48","guid":{"rendered":"https:\/\/katrilli.ch\/?page_id=31"},"modified":"2021-04-17T18:50:57","modified_gmt":"2021-04-17T17:50:57","slug":"about","status":"publish","type":"page","link":"https:\/\/katrilli.ch\/?page_id=31","title":{"rendered":"About Us"},"content":{"rendered":"<h1>Katrilli, Baselin suomalainen tanhuryhm\u00e4 Sveitsist\u00e4<\/h1>\n<p>Baselin suomalaisen tanhuryhm\u00e4n perusti Suoma Lieber vuonna 1976. Suoman muutettua parin vuoden p\u00e4\u00e4st\u00e4 pois ohjaajana toimi Marja Sertore vuoteen 2007 asti lyhyell\u00e4 katkoksella vuonna 1986, jolloin ohjaajana toimi Ulla Beuret. Maija Egli toimi ryhm\u00e4n vet\u00e4j\u00e4n\u00e4\u00a0 vuodesta 2007 vuoden 2017 loppuun asti.* Harjoitukset ovat kerran viikossa, aina maanantaisin. Aktiivisina j\u00e4senin\u00e4 on 14 tanssijaa, joista harjoitusiltoina tavallisesti 8-9 paikalla. (Ik\u00e4mme sallii matkustelun muulloinkin kuin loma-aikoina.) Musiikin soitamme CDlt\u00e4.<\/p>\n<p>Katrilli oli alunperin suomalaisten naisten ryhm\u00e4. T\u00e4ll\u00e4 hetkell\u00e4 mukana on yksi suomalainen miestanssija ja muutamia ei-suomalaisia naistanssijoita. Ik\u00e4jakautuma ryhm\u00e4ss\u00e4mme on suuri. Vanhin tanssijoista yli 70 v ja nuorin juuri saanut vauvan. Onneksi tanhu on liikuntaa, jota voi harrastaa vauvasta vaariin tai pit\u00e4isik\u00f6 sanoa mummoon. Lyhyen aikaa oli toiminnassa my\u00f6s lasten tanhuryhm\u00e4 Suomi-koulun yhteydess\u00e4, jota ohjasi niin ik\u00e4\u00e4n Marja Sertore yhdess\u00e4 Katrillin j\u00e4senen Sirpa B\u00fcrgelinin kanssa.<\/p>\n<p>Tanhuja esitettiin ensin Suomi-Sveitsi-Yhdistyksen (Schweizerische Vereinigung der Freunde Finnlands, SVFF) omissa vappu-, juhannus-, ja joulujuhlissa ja s\u00e4estyksest\u00e4 huolehti 1970-ja 80-luvulla Revontulet-niminen musiikkiryhm\u00e4. Pian hankittiinkin oikeita kansallispukuja, jokaiselle oman mieltymyksen mukaan. Jatkossa ryhm\u00e4 on esiintynyt my\u00f6s paikallisissa vanhainkodeissa, sairaaloissa, kouluissa, vammaisille ja erilaisten tapahtumien avajaisissa.<\/p>\n<p>Katrilli-ryhm\u00e4mme oli mukana historiallisessa kulkueessa&#8220; Basel 500 Joor bi dr Schwyz&#8220; (Baselin kanttoonin 500-vuotisjuhla) suomalaisia edustamassa, useita kertoja Mustermessell\u00e4 (MUBA= isot vuosittaiset messut Baselissa), &#8222;Juuret Suomessa&#8220; &#8211; tapahtumassa Helsingiss\u00e4, Trottoir-Festeill\u00e4 (=katujuhlat) Ranskassa, Folk Festivalilla Swanagessa Etel\u00e4-Englannissa ja ainakin 10 kertaa Eurooppa-p\u00e4ivill\u00e4 Bad Krozingenissa Saksassa. Katrilli tanhusi Honkarakenteen avajaisissa It\u00e4vallassa. Esiinnyimme Europa-Parkissa (huvipuisto) skandinaavisilla juhannusjuhlilla Saksassa. Katrilli on tehnyt my\u00f6s pidempi\u00e4 esiintymismatkoja, huippuna oli esiintyminen Disneylandissa Floridassa 1995 ja Hawaijilla Multikulttuurijuhlilla vuonna 2000. Vuodesta 2007 olemme esiintyneet Liestalissa Sveitsiss\u00e4 INTEGRA-juhlilla, jossa eri maiden ihmiset esittelev\u00e4t omaa kulttuuriaan. Juhla j\u00e4rjestet\u00e4\u00e4n joka toinen vuosi.<\/p>\n<p>Maija on strukturoinut esiintymisi\u00e4 tiettyjen teemojen ymp\u00e4rille kuten pohjoismaiset tanhut, karjalaiset tanhut, salonkitanssit, modernia koreografiaa (Karu masurkka ja Rapakatrilli, Jutta Wrangen) tai yhdistelem\u00e4ll\u00e4 ohjelmaksi erityyppisi\u00e4 tanhuja eri puolilta Suomea. Maijan johdolla j\u00e4rjest\u00e4mme my\u00f6s tanssikursseja kaikille kiinnostuneille(ei pelk\u00e4st\u00e4\u00e4n suomalaisille tanhuilijoille) teemailtoina on tarjottu esimerkiksi jenkkaa, masurkkaa tai polkkaa.<\/p>\n<p>Katrilli tekee my\u00f6s yhteisty\u00f6t\u00e4 (esiintymisi\u00e4 ja kursseja) muiden Sveitsiss\u00e4 toimivien tanhuryhmien kanssa (Wenlat= suomalainen tanhuryhm\u00e4 Z\u00fcrich ja NVZ= Nordische Volkstanzgruppe Z\u00fcrich). J\u00e4rjest\u00e4mme vuorotellen yhteisi\u00e4 suomalaisen ja suomenruotsalaisen tanhun treeniviikonloppuja, jonne kutsutaan Suomesta ohjaajia ja pelimanneja. Osallistumme pohjoismaisen ryhm\u00e4n j\u00e4rjest\u00e4miin viikonloppuihin, jonne ohjaajia saapuu Ruotsista, Norjasta,Tanskasta tai Suomesta. Aiheina ovat silloin kyseisen ohjaajamaan tanhut, polskat jne. N\u00e4m\u00e4 yhteiset treeniviikonloput noin kerran vuodessa ja osallistumisemme NORDLEK-tapahtumiin vuodesta 1997 l\u00e4htien (Vaasa, Stavanger, N\u00e4stved, G\u00f6teborg, Lahti, Steijnker) on rikastuttanut ryhm\u00e4mme tanssituntemusta. Sveitsiin on muodostunut uusi vuosittainen kansainv\u00e4linen nelip\u00e4iv\u00e4inen VERTANTZ-Festival R\u00f6thenbachissa, jossa opetimme suomalaisia tanhuja sek\u00e4 nautimme itse oppilaan roolista, jossa sai vain tanssia ja tanssia ja tanssia.<\/p>\n<p>Viime aikoina kiinnostus suomalaiseen tangoon ja varsinkin Wanhaan Tangoon on lis\u00e4\u00e4ntynyt ja kaksi j\u00e4sent\u00e4mme, P\u00e4ivi Milani ja Risto Kantanen suorittivat t\u00e4n\u00e4 vuonna Joensuussa ohjaajakurssin. Tulevaisuudessa opettelemme kesken\u00e4mme ja opetamme muillekin halukkaille my\u00f6s suomalaista Wanhaa Tangoa.<\/p>\n<p>Baselin SVFF-yhdistys tukee ryhm\u00e4\u00e4mme vuosittain pienell\u00e4 rahasummalla ja lis\u00e4tuloja saamme esiintymisist\u00e4 ja joka toinen vuosi j\u00e4rjestetyist\u00e4 Joulumyyj\u00e4isist\u00e4, jonne Katrilli leipoo talkoilla karjalanpiirakoita. Tuloja k\u00e4yt\u00e4mme kurssituksiin ja musiikin hankkimisiin. J\u00e4senmaksua ei ryhm\u00e4ss\u00e4 ole, eik\u00e4 ohjaajalla palkkaa.<\/p>\n<p>Toimintamme on siis aktiivista ja monipuolista. Tanssin ohella hoituu my\u00f6s kontakti toisten suomalaisten kanssa. Iloitsemme jokaisesta uudesta tanssista ja tanssijasta, joka innostuu tulemaan mukaan tanssimaan kanssamme.<\/p>\n<p>Katrillin kotisivut www.katrilli.ch<\/p>\n<p>Liestalissa lokakuussa 2013<br \/>\nP\u00e4ivi Milani ja Maija Egli<\/p>\n<p>*1.1.2018 alkaen ryhm\u00e4n uuusi ohjaaja on P\u00e4ivi Milani taustatukenaan Dora Statek, Maija Eglin lopetettua 31.12.2017.Aktiivitanssijoita t\u00e4ll\u00e4 hetkell\u00e4 on 14.<br \/>\n29.01.2018 aloitamme Lavatansseilla, joita on tarkoitus j\u00e4rjest\u00e4\u00e4 kerran kuussa.<\/p>\n","protected":false},"excerpt":{"rendered":"<p>Katrilli, Baselin suomalainen tanhuryhm\u00e4 Sveitsist\u00e4 Baselin suomalaisen tanhuryhm\u00e4n perusti Suoma Lieber vuonna 1976. Suoman muutettua parin vuoden p\u00e4\u00e4st\u00e4 pois ohjaajana toimi Marja Sertore vuoteen 2007 asti lyhyell\u00e4 katkoksella vuonna 1986, jolloin ohjaajana toimi Ulla Beuret. Maija Egli toimi ryhm\u00e4n vet\u00e4j\u00e4n\u00e4\u00a0 &hellip;<\/p>\n<p class=\"read-more\"> <a class=\"more-link\" href=\"https:\/\/katrilli.ch\/?page_id=31\"> <span class=\"screen-reader-text\">About Us<\/span> Read More &raquo;<\/a><\/p>\n","protected":false},"author":1,"featured_media":0,"parent":0,"menu_order":0,"comment_status":"closed","ping_status":"closed","template":"","meta":[],"_links":{"self":[{"href":"https:\/\/katrilli.ch\/index.php?rest_route=\/wp\/v2\/pages\/31"}],"collection":[{"href":"https:\/\/katrilli.ch\/index.php?rest_route=\/wp\/v2\/pages"}],"about":[{"href":"https:\/\/katrilli.ch\/index.php?rest_route=\/wp\/v2\/types\/page"}],"author":[{"embeddable":true,"href":"https:\/\/katrilli.ch\/index.php?rest_route=\/wp\/v2\/users\/1"}],"replies":[{"embeddable":true,"href":"https:\/\/katrilli.ch\/index.php?rest_route=%2Fwp%2Fv2%2Fcomments&post=31"}],"version-history":[{"count":6,"href":"https:\/\/katrilli.ch\/index.php?rest_route=\/wp\/v2\/pages\/31\/revisions"}],"predecessor-version":[{"id":937,"href":"https:\/\/katrilli.ch\/index.php?rest_route=\/wp\/v2\/pages\/31\/revisions\/937"}],"wp:attachment":[{"href":"https:\/\/katrilli.ch\/index.php?rest_route=%2Fwp%2Fv2%2Fmedia&parent=31"}],"curies":[{"name":"wp","href":"https:\/\/api.w.org\/{rel}","templated":true}]}}