{"id":60,"date":"2017-12-19T17:38:27","date_gmt":"2017-12-19T16:38:27","guid":{"rendered":"https:\/\/katrilli.ch\/?page_id=60"},"modified":"2018-02-14T23:15:41","modified_gmt":"2018-02-14T22:15:41","slug":"home","status":"publish","type":"page","link":"https:\/\/katrilli.ch\/","title":{"rendered":"Home"},"content":{"rendered":"<p><img decoding=\"async\" loading=\"lazy\" class=\"alignnone size-large wp-image-200\" src=\"https:\/\/katrilli.ch\/wp-content\/uploads\/2018\/01\/group-1024x724.jpg\" alt=\"\" width=\"605\" height=\"428\" srcset=\"https:\/\/katrilli.ch\/wp-content\/uploads\/2018\/01\/group-1024x724.jpg 1024w, https:\/\/katrilli.ch\/wp-content\/uploads\/2018\/01\/group-300x212.jpg 300w, https:\/\/katrilli.ch\/wp-content\/uploads\/2018\/01\/group-768x543.jpg 768w, https:\/\/katrilli.ch\/wp-content\/uploads\/2018\/01\/group-100x71.jpg 100w, https:\/\/katrilli.ch\/wp-content\/uploads\/2018\/01\/group-150x106.jpg 150w, https:\/\/katrilli.ch\/wp-content\/uploads\/2018\/01\/group-200x141.jpg 200w, https:\/\/katrilli.ch\/wp-content\/uploads\/2018\/01\/group-450x318.jpg 450w, https:\/\/katrilli.ch\/wp-content\/uploads\/2018\/01\/group-600x424.jpg 600w, https:\/\/katrilli.ch\/wp-content\/uploads\/2018\/01\/group-900x636.jpg 900w, https:\/\/katrilli.ch\/wp-content\/uploads\/2018\/01\/group.jpg 1563w\" sizes=\"(max-width: 605px) 100vw, 605px\" \/><br \/>\n<strong>you tube<\/strong> : KATRILLI.CH Finnish Folk Dancing Basel Holiday Fair (MUBA)15.02.2014<\/p>\n<p>&nbsp;<\/p>\n<p><strong>KATRILLI<\/strong>, unsere finnische Volkstanzgruppe gibt es seit 1976 als Untergruppe der Schweizerischen Vereinigung der Freunde Finnlands (SVFF). Sie ist auch Mitglied in Suomalaisen Kansantanssin Yst\u00e4v\u00e4t ry (the Finnish Folklore Association). Die meisten von uns &#8211; rund 20 Aktive &#8211; sind Finninnen, die in der Region Basel wohnen und gerne tanzen. Dank der w\u00f6chentlichen Proben, die von P\u00e4ivi Milani geleitet werden, k\u00f6nnen wir finnische Volkstanztradition und unsere Muttersprache in Mitteleuropa pflegen.<\/p>\n<p>\u00dcberdies m\u00f6chten wir finnischen Volkst\u00e4nze auch einem weiteren Kreis von Interessenten n\u00e4her bringen. Dazu bieten wir ein Programm mit typischen T\u00e4nzen aus dem 19. Jahrhundert an. Bei unseren Auftritten tragen wir farbenfrohe Trachten aus verschiedenen Regionen Finnlands.<\/p>\n<p>Im Laufe der Jahre hatten wir zahlreiche Auftritte an verschiedenen Anl\u00e4ssen in der Schweiz, in Deutschland, Frankreich, Oesterreich, Grossbritannien, Skandinavien und sogar in den USA (Florida und Hawaii). Begegnungen mit anderen Tanzgruppen haben wir immer sehr interessant gefunden &#8211; sie haben uns viel gegeben.<\/p>\n<p>Wenn Sie Lust haben zum Schnuppern oder gar zum Mittanzen oder wenn Sie KATRILLI engagieren m\u00f6chten, dann nehmen Sie doch einfach Kontakt mit uns auf.<\/p>\n<p><img decoding=\"async\" loading=\"lazy\" class=\"alignnone wp-image-287\" src=\"https:\/\/katrilli.ch\/wp-content\/uploads\/2018\/02\/auftritt10-300x224.jpg\" alt=\"\" width=\"672\" height=\"502\" srcset=\"https:\/\/katrilli.ch\/wp-content\/uploads\/2018\/02\/auftritt10-300x224.jpg 300w, https:\/\/katrilli.ch\/wp-content\/uploads\/2018\/02\/auftritt10-768x574.jpg 768w, https:\/\/katrilli.ch\/wp-content\/uploads\/2018\/02\/auftritt10-1024x765.jpg 1024w, https:\/\/katrilli.ch\/wp-content\/uploads\/2018\/02\/auftritt10-100x75.jpg 100w, https:\/\/katrilli.ch\/wp-content\/uploads\/2018\/02\/auftritt10-150x112.jpg 150w, https:\/\/katrilli.ch\/wp-content\/uploads\/2018\/02\/auftritt10-200x149.jpg 200w, https:\/\/katrilli.ch\/wp-content\/uploads\/2018\/02\/auftritt10-450x336.jpg 450w, https:\/\/katrilli.ch\/wp-content\/uploads\/2018\/02\/auftritt10-600x448.jpg 600w, https:\/\/katrilli.ch\/wp-content\/uploads\/2018\/02\/auftritt10-900x672.jpg 900w\" sizes=\"(max-width: 672px) 100vw, 672px\" \/><\/p>\n<p>&nbsp;<\/p>\n<p><strong>English Version<\/strong><\/p>\n<div class=\"HauptschriftTitel\"><strong>KATRILLI &#8211; Finnish Folk Dancing in Switzerland<\/strong><\/div>\n<p>Our Finnish folk dancing group KATRILLI was founded in 1976 in Basel as a subgroupof the Swiss Society of Friends of Finland and it is a member of the Finnish Folklore Association. Presently KATRILLI has about 20 dancers, mostly Finnish women living in Basel and the surrounding region. Through the weekly rehearsals conducted by P\u00e4ivi Milani we can also practise our mother-tongue and keep our Finnish tradition alive in Central Europe.<\/p>\n<p>In addition to this social aspect, KATRILLI enjoys making Finnish folk dancing known to others, so we have put together a programme of traditional Finnish folk dances representing the dance heritage of the 19th century. When performing we wear colorful national costumes from various districts of Finland.<\/p>\n<p>Through the years we have performed at different festivities in Switzerland, Germany, France, Austria, UK, Scandinavia and even in Florida and Hawaii. We would like to continue to dance in different countries besides Switzerland. Meeting other dance groups has always been very interesting and has given us a lot.<\/p>\n<p>If you would like to join us as a dancer or to book KATRILLI for an event, please do not hesitate to contact us.<\/p>\n<p>&nbsp;<\/p>\n<p><b><img decoding=\"async\" loading=\"lazy\" class=\"alignnone  wp-image-295\" src=\"https:\/\/katrilli.ch\/wp-content\/uploads\/2018\/02\/tossut1-1-300x161.jpg\" alt=\"\" width=\"637\" height=\"342\" srcset=\"https:\/\/katrilli.ch\/wp-content\/uploads\/2018\/02\/tossut1-1-300x161.jpg 300w, https:\/\/katrilli.ch\/wp-content\/uploads\/2018\/02\/tossut1-1-768x411.jpg 768w, https:\/\/katrilli.ch\/wp-content\/uploads\/2018\/02\/tossut1-1-1024x548.jpg 1024w, https:\/\/katrilli.ch\/wp-content\/uploads\/2018\/02\/tossut1-1-100x54.jpg 100w, https:\/\/katrilli.ch\/wp-content\/uploads\/2018\/02\/tossut1-1-150x80.jpg 150w, https:\/\/katrilli.ch\/wp-content\/uploads\/2018\/02\/tossut1-1-200x107.jpg 200w, https:\/\/katrilli.ch\/wp-content\/uploads\/2018\/02\/tossut1-1-450x241.jpg 450w, https:\/\/katrilli.ch\/wp-content\/uploads\/2018\/02\/tossut1-1-600x321.jpg 600w, https:\/\/katrilli.ch\/wp-content\/uploads\/2018\/02\/tossut1-1-900x482.jpg 900w, https:\/\/katrilli.ch\/wp-content\/uploads\/2018\/02\/tossut1-1.jpg 1485w\" sizes=\"(max-width: 637px) 100vw, 637px\" \/><\/b><\/p>\n<p><b>Suomeksi<\/b><\/p>\n<div class=\"HauptschriftTitel\"><strong>KATRILLI &#8211; Suomalainen kansantanssiryhm\u00e4 Sveitsiss\u00e4<\/strong><\/div>\n<p>Suomalainen kansantanssiryhm\u00e4mme KATRILLI on toiminut jo vuodesta 1976 Baselissa ,Suomen Yst\u00e4v\u00e4t Sveitsiss\u00e4&#8216; -yhdistyksen alaryhm\u00e4n\u00e4 (SVFF, Schweizerische Vereinigung der Freunde Finnlands). KATRILLI on my\u00f6s Suomalaisen Kansantanssin Yst\u00e4v\u00e4t ry:n (SKY) ulkosuomalainen j\u00e4sen. Nykyisin ryhm\u00e4ss\u00e4mme on parisenkymment\u00e4 aktiivij\u00e4sent\u00e4. Suurin osa meist\u00e4 on suomalaisia naisia, jotka asuvat Baselin seudulla ja tanssivat mielell\u00e4\u00e4n. Jokaviikkoisten harjoitusten ansiosta voimme pit\u00e4\u00e4 yll\u00e4 \u00e4idinkielen taitoamme ja suomalaista kansantanssiperinnett\u00e4 t\u00e4\u00e4ll\u00e4 Keski-Euroopassa. Ryhm\u00e4n vet\u00e4j\u00e4n\u00e4 toimii P\u00e4ivi Milani.<\/p>\n<p>Haluamme tehd\u00e4 suomalaista kansantanssia tunnetuksi siit\u00e4 kiinnostuneille. T\u00e4h\u00e4n tarkoitukseen ohjelmistoomme kuuluu perinteisi\u00e4 tanhuja. Esiinnymme v\u00e4rikk\u00e4iss\u00e4 kansallispuvuissa, jotka ovat kotoisin eri puolilta Suomea kuten me itsekin.<\/p>\n<p>Vuosien varrella olemme esiintyneet monenlaisissa tapahtumissa ja yksityistilaisuuksissa Sveitsiss\u00e4, Saksassa, Ranskassa, It\u00e4vallassa, Englannissa, Pohjoismaissa ja jopa USAssa asti (Floridassa, Havaijilla). Muiden tanssiryhmien kohtaaminen on aina ollut mielenkiintoista ja antoisaa.<\/p>\n<p>Jos sinua kiinnostaa kansantanssi ja haluaisit tulla tutustumaan harjoituksiimme ja sitten ehk\u00e4 tanssimaan kanssamme, olet tervetullut. Tai ehk\u00e4 haluatkin kutsua meid\u00e4t esiintym\u00e4\u00e4n jonnekin? Ota rohkeasti yhteytt\u00e4.<\/p>\n<p>&nbsp;<\/p>\n<p>&nbsp;<\/p>\n","protected":false},"excerpt":{"rendered":"<p>you tube : KATRILLI.CH Finnish Folk Dancing Basel Holiday Fair (MUBA)15.02.2014 &nbsp; KATRILLI, unsere finnische Volkstanzgruppe gibt es seit 1976 als Untergruppe der Schweizerischen Vereinigung der Freunde Finnlands (SVFF). Sie ist auch Mitglied in Suomalaisen Kansantanssin Yst\u00e4v\u00e4t ry (the Finnish &hellip;<\/p>\n<p class=\"read-more\"> <a class=\"more-link\" href=\"https:\/\/katrilli.ch\/\"> <span class=\"screen-reader-text\">Home<\/span> Read More &raquo;<\/a><\/p>\n","protected":false},"author":1,"featured_media":0,"parent":0,"menu_order":0,"comment_status":"closed","ping_status":"closed","template":"full-width-page.php","meta":[],"_links":{"self":[{"href":"https:\/\/katrilli.ch\/index.php?rest_route=\/wp\/v2\/pages\/60"}],"collection":[{"href":"https:\/\/katrilli.ch\/index.php?rest_route=\/wp\/v2\/pages"}],"about":[{"href":"https:\/\/katrilli.ch\/index.php?rest_route=\/wp\/v2\/types\/page"}],"author":[{"embeddable":true,"href":"https:\/\/katrilli.ch\/index.php?rest_route=\/wp\/v2\/users\/1"}],"replies":[{"embeddable":true,"href":"https:\/\/katrilli.ch\/index.php?rest_route=%2Fwp%2Fv2%2Fcomments&post=60"}],"version-history":[{"count":19,"href":"https:\/\/katrilli.ch\/index.php?rest_route=\/wp\/v2\/pages\/60\/revisions"}],"predecessor-version":[{"id":299,"href":"https:\/\/katrilli.ch\/index.php?rest_route=\/wp\/v2\/pages\/60\/revisions\/299"}],"wp:attachment":[{"href":"https:\/\/katrilli.ch\/index.php?rest_route=%2Fwp%2Fv2%2Fmedia&parent=60"}],"curies":[{"name":"wp","href":"https:\/\/api.w.org\/{rel}","templated":true}]}}